{"id":306,"date":"2019-11-18T18:20:22","date_gmt":"2019-11-18T18:20:22","guid":{"rendered":"https:\/\/web.fernandocaruncho.com?page_id=306"},"modified":"2019-11-18T19:43:32","modified_gmt":"2019-11-18T19:43:32","slug":"estudio","status":"publish","type":"page","link":"https:\/\/web.fernandocaruncho.com\/es\/estudio\/","title":{"rendered":"Estudio"},"content":{"rendered":"<body><figure class=\"wp-block-gallery columns-3 is-cropped\"><ul class=\"blocks-gallery-grid\"><li class=\"blocks-gallery-item\"><figure><img loading=\"lazy\" width=\"630\" height=\"454\" src=\"https:\/\/web.fernandocaruncho.comwp-content\/uploads\/2019\/11\/studio1.jpg\" alt=\"\" data-id=\"307\" data-full-url=\"https:\/\/web.fernandocaruncho.comwp-content\/uploads\/2019\/11\/studio1.jpg\" data-link=\"https:\/\/web.fernandocaruncho.com?attachment_id=307\" class=\"wp-image-307\" srcset=\"https:\/\/web.fernandocaruncho.com\/wp-content\/uploads\/2019\/11\/studio1.jpg 630w, https:\/\/web.fernandocaruncho.com\/wp-content\/uploads\/2019\/11\/studio1-300x216.jpg 300w\" sizes=\"(max-width: 630px) 100vw, 630px\"><\/figure><\/li><li class=\"blocks-gallery-item\"><figure><img loading=\"lazy\" width=\"630\" height=\"454\" src=\"https:\/\/web.fernandocaruncho.comwp-content\/uploads\/2019\/11\/studio2.jpg\" alt=\"\" data-id=\"309\" data-full-url=\"https:\/\/web.fernandocaruncho.comwp-content\/uploads\/2019\/11\/studio2.jpg\" data-link=\"https:\/\/web.fernandocaruncho.com?attachment_id=309\" class=\"wp-image-309\" srcset=\"https:\/\/web.fernandocaruncho.com\/wp-content\/uploads\/2019\/11\/studio2.jpg 630w, https:\/\/web.fernandocaruncho.com\/wp-content\/uploads\/2019\/11\/studio2-300x216.jpg 300w\" sizes=\"(max-width: 630px) 100vw, 630px\"><\/figure><\/li><li class=\"blocks-gallery-item\"><figure><img loading=\"lazy\" width=\"630\" height=\"420\" src=\"https:\/\/web.fernandocaruncho.comwp-content\/uploads\/2019\/11\/studio3.jpg\" alt=\"\" data-id=\"311\" data-full-url=\"https:\/\/web.fernandocaruncho.comwp-content\/uploads\/2019\/11\/studio3.jpg\" data-link=\"https:\/\/web.fernandocaruncho.com?attachment_id=311\" class=\"wp-image-311\" srcset=\"https:\/\/web.fernandocaruncho.com\/wp-content\/uploads\/2019\/11\/studio3.jpg 630w, https:\/\/web.fernandocaruncho.com\/wp-content\/uploads\/2019\/11\/studio3-300x200.jpg 300w\" sizes=\"(max-width: 630px) 100vw, 630px\"><\/figure><\/li><\/ul><\/figure>\n\n\n\n<p>Formado como Fil\u00f3sofo y Jardinero, Fernando Caruncho comenz\u00f3 su actividad profesional hace 40 a\u00f1os, habiendo realizado proyectos de car\u00e1cter publico y privado en todo el mundo. Sus dos hijos, Fernando y Pedro, se han unido recientemente al estudio. Formados como arquitectos, encarnan una nueva generaci\u00f3n criada en los jardines y educada en la gran importancia de la conexi\u00f3n entre paisaje, jard\u00edn, arquitectura y hombre.<\/p>\n\n\n\n<p>Basado en una profunda y completa comprensi\u00f3n del lugar, su luz y su paisaje, sus proyectos son reflejo de las ideas del lugar, del Esp\u00edritu del lugar que nos habla y al que nos debemos. El cuidadoso control de la Luz, el uso de la Geometr\u00eda para interpretar las ideas del lugar y un sutil balance en el uso de los elementos minerales y vegetales son la esencia de los jardines de Caruncho.<\/p>\n\n\n\n<p>A lo largo de su trayectoria Caruncho ha fusionado Jard\u00edn y Arquitectura, creando una fuerte sinergia entre ambos y dotando a sus proyectos de un gran sentido de la unidad. Su arquitectura es siempre una consecuencia del jard\u00edn y su conexi\u00f3n con el paisaje, de forma que esta busca una completa integraci\u00f3n con el esp\u00edritu del lugar. El control de la luz, el uso de la escala en relaci\u00f3n al hombre y el paisaje, y la utilizaci\u00f3n de los materiales del lugar, son los aspectos clave de su forma de entender la arquitectura.<\/p>\n<\/body>","protected":false},"excerpt":{"rendered":"<p>Formado como Fil\u00f3sofo y Jardinero, Fernando Caruncho comenz\u00f3 su actividad profesional hace 40 a\u00f1os, habiendo realizado proyectos de car\u00e1cter publico y privado en todo el mundo. Sus dos hijos, Fernando y Pedro, se han unido recientemente al estudio. Formados como arquitectos, encarnan una nueva generaci\u00f3n criada en los jardines y educada en la gran importancia [&hellip;]<\/p>\n","protected":false},"author":1,"featured_media":307,"parent":0,"menu_order":0,"comment_status":"closed","ping_status":"closed","template":"","meta":[],"_links":{"self":[{"href":"https:\/\/web.fernandocaruncho.com\/es\/wp-json\/wp\/v2\/pages\/306"}],"collection":[{"href":"https:\/\/web.fernandocaruncho.com\/es\/wp-json\/wp\/v2\/pages"}],"about":[{"href":"https:\/\/web.fernandocaruncho.com\/es\/wp-json\/wp\/v2\/types\/page"}],"author":[{"embeddable":true,"href":"https:\/\/web.fernandocaruncho.com\/es\/wp-json\/wp\/v2\/users\/1"}],"replies":[{"embeddable":true,"href":"https:\/\/web.fernandocaruncho.com\/es\/wp-json\/wp\/v2\/comments?post=306"}],"version-history":[{"count":1,"href":"https:\/\/web.fernandocaruncho.com\/es\/wp-json\/wp\/v2\/pages\/306\/revisions"}],"predecessor-version":[{"id":348,"href":"https:\/\/web.fernandocaruncho.com\/es\/wp-json\/wp\/v2\/pages\/306\/revisions\/348"}],"wp:featuredmedia":[{"embeddable":true,"href":"https:\/\/web.fernandocaruncho.com\/es\/wp-json\/wp\/v2\/media\/307"}],"wp:attachment":[{"href":"https:\/\/web.fernandocaruncho.com\/es\/wp-json\/wp\/v2\/media?parent=306"}],"curies":[{"name":"wp","href":"https:\/\/api.w.org\/{rel}","templated":true}]}}