{"id":349,"date":"2019-11-18T18:21:14","date_gmt":"2019-11-18T18:21:14","guid":{"rendered":"https:\/\/web.fernandocaruncho.com?page_id=349"},"modified":"2019-11-18T18:21:15","modified_gmt":"2019-11-18T18:21:15","slug":"aviso-legal-y-condiciones-generales-de-uso","status":"publish","type":"page","link":"https:\/\/web.fernandocaruncho.com\/es\/aviso-legal-y-condiciones-generales-de-uso\/","title":{"rendered":"Aviso Legal y Condiciones Generales de Uso"},"content":{"rendered":"<body><h2>Aviso Legal<\/h2>\n\n\n\n<p>El sitio web accesible por medio de la URL https:\/\/web.fernandocaruncho.com (en adelante, el Sitio Web) es titularidad de Fernando Caruncho &amp; Asociados, S.L. (en adelante, Caruncho Garden &amp; Architecture), con NIF B80664469 y domicilio en San Sebasti\u00e1n de los Reyes (Madrid), Paseo de Narcea 13 e inscrita en el Registro Mercantil de Madrid, Tomo 6680, Folio 221, Secci\u00f3n 8, Hoja M 108738.<\/p>\n\n\n\n<p>Caruncho Garden &amp; Architecture pone el Sitio Web a disposici\u00f3n de cualquier usuario de Internet a fin de dar a conocer su identidad y su trabajo. El acceso y utilizaci\u00f3n de aqu\u00e9l y de las herramientas y funcionalidades en \u00e9l incluidas se regula por las Condiciones Generales de Uso recogidas a continuaci\u00f3n.<\/p>\n\n\n\n<p>Para contactar con Caruncho Garden &amp; Architecture puede utilizar cualquier medio disponible o publicado en el Sitio Web, escribir a info@fernandocaruncho.com o llamar al (0034) 916570051 (de lunes a viernes h\u00e1biles en San Sebasti\u00e1n de los Reyes).<\/p>\n\n\n\n<h2>Condiciones Generales de Uso<\/h2>\n\n\n\n<h2>1. Partes<\/h2>\n\n\n\n<p>Estas Condiciones son suscritas, de un lado, por Caruncho Garden &amp; Architecture y, de otro, por el usuario, entendido como cualquier persona f\u00edsica o jur\u00eddica que de modo libre y voluntario accede al Sitio Web, independientemente de que haga o no de cualquiera de las herramientas y funcionalidades que en \u00e9l se ofrecen. Por el mero hecho de acceder el usuario se somete sin reserva a lo dispuesto en estas Condiciones.<\/p>\n\n\n\n<h2>2. Gratuidad<\/h2>\n\n\n\n<p>El acceso y la navegaci\u00f3n por el Sitio Web son gratuitos.<\/p>\n\n\n\n<h2>3. Obligaciones<\/h2>\n\n\n\n<p>Por el mero hecho de acceder el usuario se obliga a:<\/p>\n\n\n\n<p>a. Usar el Sitio Web diligente, correcta y l\u00edcitamente, en respeto de la legislaci\u00f3n vigente y de la moral, las buenas costumbres y el orden p\u00fablico.<\/p>\n\n\n\n<p>b. Revisar peri\u00f3dicamente estas Condiciones, verificando los cambios que cualquiera de ellas pudiera haber sufrido.<\/p>\n\n\n\n<p>c. Controlar las notificaciones que Caruncho Garden &amp; Architecture env\u00ede, en la medida en que pueden incluir informaci\u00f3n importante.<\/p>\n\n\n\n<p>d. Abstenerse de reutilizar la informaci\u00f3n incluida en el Sitio Web con cualquier tipo de finalidad comercial.<\/p>\n\n\n\n<p>e. Abstenerse de modificar o tratar de modificar el Sitio Web y de realizar acciones o utilizar medios destinados a imitar o simular su apariencia o sus funcionalidades y herramientas.<\/p>\n\n\n\n<p>f. Abstenerse de llevar a cabo acciones que supongan la introducci\u00f3n de virus inform\u00e1ticos, gusanos, troyanos o cualquier otra clase de c\u00f3digos maliciosos destinados a interrumpir, destruir o limitar las funciones del Sitio Web.<\/p>\n\n\n\n<p>g. Abstenerse de utilizar t\u00e9cnicas de ingenier\u00eda inversa o cualquier otra tecnolog\u00eda para descifrar, descompilar, utilizar, o, simplemente, conocer el c\u00f3digo fuente del Sitio Web o de cualquier elemento en \u00e9l incluido sujeto a derechos de propiedad intelectual.<\/p>\n\n\n\n<p>h. Abstenerse de da\u00f1ar, deshabilitar, sobrecargar o dificultar el servicio (o la red o redes conectadas al servicio), o interferir en el uso y disfrute del Sitio Web.<\/p>\n\n\n\n<p>i. Abstenerse de realizar actos que puedan infringir derechos o intereses de Caruncho Garden &amp; Architecture o de terceros como puedan ser, a modo de ejemplo, derechos de propiedad intelectual o industrial (patentes, marcas, derechos de copyright, secretos comerciales\u2026).<\/p>\n\n\n\n<h2>4. Propiedad intelectual e industrial<\/h2>\n\n\n\n<p>Los derechos de propiedad intelectual sobre el Sitio Web y sobre todos y cada uno de los elementos que lo conforman, incluyendo su programaci\u00f3n, dise\u00f1o, aplicaciones, gr\u00e1ficos, botones, c\u00f3digos, texto, im\u00e1genes, fotograf\u00edas, etc. son de la exclusiva titularidad de Caruncho Garden &amp; Architecture o \u00e9sta cuenta con derechos y\/o autorizaciones bastantes para su explotaci\u00f3n, incluida su reproducci\u00f3n y puesta a disposici\u00f3n en Internet.<\/p>\n\n\n\n<p>El nombre de dominio y cualquier signo distintivo, marca o nombre comercial, o elemento protegible por propiedad industrial publicado en el Sitio Web es igualmente titularidad de Caruncho Garden &amp; Architecture o \u00e9sta cuenta con licencia bastante para su utilizaci\u00f3n y publicaci\u00f3n en Internet.<\/p>\n\n\n\n<p>En virtud de lo anterior, queda prohibida cualquier reproducci\u00f3n, distribuci\u00f3n, comunicaci\u00f3n p\u00fablica, puesta a disposici\u00f3n, transformaci\u00f3n o cualquier otro modo de explotaci\u00f3n, ni tan siquiera citando las fuentes, en todo o en parte, de cualquier elemento publicado en el Sitio Web o que forme parte de \u00e9ste, salvo previa autorizaci\u00f3n o licencia expresa y por escrito de Caruncho Garden &amp; Architecture o del titular en exclusiva de los derechos afectados. Si detectara una infracci\u00f3n de propiedad intelectual y\/o industrial en el Sitio Web, por favor comun\u00edquelo a la mayor brevedad escribiendo a info@fernandocaruncho.com.<\/p>\n\n\n\n<h2>5. Enlaces de terceros<\/h2>\n\n\n\n<p>El Sitio Web incluye enlaces a p\u00e1ginas, plataformas y sitios web titularidad y responsabilidad de terceros, ajenos a Caruncho Garden &amp; Architecture. No obstante, Caruncho Garden &amp; Architecture no revisa el funcionamiento de tales enlaces ni los contenidos a que permiten acceder y, por tanto, no asume ninguna responsabilidad de las consecuencias que implique que el usuario haga clic en cualquiera de ellos, al hacerlo bajo su propio riesgo y ventura.<\/p>\n\n\n\n<h2>6. Exclusi\u00f3n de responsabilidad<\/h2>\n\n\n\n<p>Caruncho Garden &amp; Architecture trabaja por que el Sitio Web y sus herramientas y funcionalidades se encuentren disponibles y accesibles. Sin embargo, el Sitio Web siempre ser\u00e1 mostrado \u201ctal cual\u201d, seg\u00fan la disponibilidad y limitaciones concurrentes en cada momento.<\/p>\n\n\n\n<p>Caruncho Garden &amp; Architecture tambi\u00e9n dedica sus esfuerzos a proteger los sistemas y contenidos del Sitio Web, a cuyo efecto emplea los est\u00e1ndares de seguridad habituales en Internet, pero no garantiza que no existir\u00e1n intrusiones, p\u00e9rdidas de informaci\u00f3n, virus u otros elementos da\u00f1inos que pudieran provocar alteraciones en el sistema inform\u00e1tico del usuario. \u00c9ste comprende y asume que existen situaciones que pueden escapar al control de Caruncho Garden &amp; Architecture.<\/p>\n\n\n\n<p>En general, ni Caruncho Garden &amp; Architecture ni tampoco sus colaboradores ser\u00e1n responsables en caso de lucro cesante o da\u00f1o emergente por cualquier cuesti\u00f3n.<\/p>\n\n\n\n<h2>7. Indemnizaci\u00f3n<\/h2>\n\n\n\n<p>En caso de que Caruncho Garden &amp; Architecture sufriera cualquier tipo de da\u00f1os, perjuicios, p\u00e9rdidas o costes (incluidos los honorarios de abogados y procuradores) como consecuencia de un incumplimiento de estas Condiciones por parte del usuario, \u00e9ste deber\u00e1 resarcir a Caruncho Garden &amp; Architecture.<\/p>\n\n\n\n<p>Lo mismo ocurrir\u00e1 en caso de que, como consecuencia de los incumplimientos del usuario, se produjeran reclamaciones por parte de terceros contra Caruncho Garden &amp; Architecture, en cuyo caso aqu\u00e9l dejar\u00e1 indemne a \u00e9ste. Caruncho Garden &amp; Architecture podr\u00e1 reclamar al Usuario cualquier gasto, coste, da\u00f1o o perjuicio derivado de sus acciones.<\/p>\n\n\n\n<h2>8. Protecci\u00f3n de datos<\/h2>\n\n\n\n<p>La informaci\u00f3n personal que se recaba a trav\u00e9s del Sitio Web se trata conforme a lo dispuesto en la Pol\u00edtica de Privacidad, accesible haciendo clic\u00a0<a href=\"https:\/\/web.fernandocaruncho.com\/es\/privacy\">aqu\u00ed<\/a>.<\/p>\n\n\n\n<h2>9. Miscel\u00e1nea<\/h2>\n\n\n\n<h3>9.1. Salvaguarda e interpretaci\u00f3n<\/h3>\n\n\n\n<p>Las presentes Condiciones Generales de Uso constituyen un acuerdo entre las partes.<\/p>\n\n\n\n<p>La declaraci\u00f3n por parte de la Autoridad competente de alguna disposici\u00f3n de estas Condiciones Generales de Uso como ilegal, inv\u00e1lida o no ejecutable, supondr\u00e1 que la misma deba ser interpretada de la manera m\u00e1s pr\u00f3xima a la intenci\u00f3n original de tal disposici\u00f3n. No obstante, tal declaraci\u00f3n respecto de alguna o algunas cl\u00e1usulas no perjudicar\u00e1 la validez de las restantes. La no exigencia por parte de Caruncho Garden &amp; Architecture del cumplimiento estricto de alguno de los t\u00e9rminos de estas Condiciones, no constituye ni podr\u00e1 interpretarse en ning\u00fan caso como una renuncia por su parte a exigirlo en un futuro.<\/p>\n\n\n\n<h3>9.2. Idioma<\/h3>\n\n\n\n<p>El idioma aplicable a estas Condiciones es el espa\u00f1ol. Cualquier versi\u00f3n de aqu\u00e9llas en idioma distinto se ofrecer por mera cortes\u00eda, para comodidad del usuario. \u00c9ste acepta que las Condiciones Generales de Uso se rigen por su versi\u00f3n en espa\u00f1ol y que, en caso de contradicci\u00f3n, prevalecer\u00e1 la versi\u00f3n en espa\u00f1ol.<\/p>\n\n\n\n<h3>9.3. Legislaci\u00f3n y fuero<\/h3>\n\n\n\n<p>La relaci\u00f3n entre las partes de estas Condiciones se regir\u00e1 por la legislaci\u00f3n espa\u00f1ola y, en caso de conflicto en cuanto a la interpretaci\u00f3n, cumplimiento o aplicaci\u00f3n de las mismas, las partes se someter\u00e1n, renunciando a cualquier otro fuero que pudiera corresponderles salvo que la Ley determinara de forma imperativa otra cosa, a los Juzgados y Tribunales de Alcobendas (Espa\u00f1a).<\/p>\n<\/body>","protected":false},"excerpt":{"rendered":"<p>Aviso Legal El sitio web accesible por medio de la URL https:\/\/web.fernandocaruncho.com (en adelante, el Sitio Web) es titularidad de Fernando Caruncho &amp; Asociados, S.L. (en adelante, Caruncho Garden &amp; Architecture), con NIF B80664469 y domicilio en San Sebasti\u00e1n de los Reyes (Madrid), Paseo de Narcea 13 e inscrita en el Registro Mercantil de Madrid, [&hellip;]<\/p>\n","protected":false},"author":1,"featured_media":0,"parent":0,"menu_order":0,"comment_status":"closed","ping_status":"closed","template":"","meta":[],"_links":{"self":[{"href":"https:\/\/web.fernandocaruncho.com\/es\/wp-json\/wp\/v2\/pages\/349"}],"collection":[{"href":"https:\/\/web.fernandocaruncho.com\/es\/wp-json\/wp\/v2\/pages"}],"about":[{"href":"https:\/\/web.fernandocaruncho.com\/es\/wp-json\/wp\/v2\/types\/page"}],"author":[{"embeddable":true,"href":"https:\/\/web.fernandocaruncho.com\/es\/wp-json\/wp\/v2\/users\/1"}],"replies":[{"embeddable":true,"href":"https:\/\/web.fernandocaruncho.com\/es\/wp-json\/wp\/v2\/comments?post=349"}],"version-history":[{"count":1,"href":"https:\/\/web.fernandocaruncho.com\/es\/wp-json\/wp\/v2\/pages\/349\/revisions"}],"predecessor-version":[{"id":350,"href":"https:\/\/web.fernandocaruncho.com\/es\/wp-json\/wp\/v2\/pages\/349\/revisions\/350"}],"wp:attachment":[{"href":"https:\/\/web.fernandocaruncho.com\/es\/wp-json\/wp\/v2\/media?parent=349"}],"curies":[{"name":"wp","href":"https:\/\/api.w.org\/{rel}","templated":true}]}}