{"id":351,"date":"2019-11-18T18:21:29","date_gmt":"2019-11-18T18:21:29","guid":{"rendered":"https:\/\/web.fernandocaruncho.com?page_id=351"},"modified":"2019-11-18T18:21:30","modified_gmt":"2019-11-18T18:21:30","slug":"politica-de-privacidad","status":"publish","type":"page","link":"https:\/\/web.fernandocaruncho.com\/es\/politica-de-privacidad\/","title":{"rendered":"Pol\u00edtica de Privacidad"},"content":{"rendered":"<body><p>Los datos personales que los usuarios aporten como consecuencia del acceso y uso del Sitio Web y de la utilizaci\u00f3n de algunas de sus herramientas y funcionalidades ser\u00e1n incorporadas a un fichero titularidad de Fernando Caruncho &amp; Asociados, S.L. (en adelante, Caruncho Garden &amp; Architecture), debidamente inscrito ante el Registro General de Protecci\u00f3n de Datos, para su tratamiento, automatizado o no, de acuerdo con las siguientes finalidades:<\/p>\n\n\n\n<p>a. Al remitir el formulario de contacto o utilizar cualquier medio de contacto publicado en el Sitio Web, Caruncho Garden &amp; Architecture utilizar\u00e1 la informaci\u00f3n que proporcione para atender a su solicitud y obtener medios de contacto con usted a tal efecto.<\/p>\n\n\n\n<p>b. Es posible que el acceso al Sitio Web suponga la descarga de cookies en el equipo terminal con que est\u00e9 navegando previa obtenci\u00f3n de su consentimiento. Gracias a ello, Caruncho Garden &amp; Architecture puede obtener informaci\u00f3n estad\u00edstica acerca de sus h\u00e1bitos y preferencias de navegaci\u00f3n. Puede retirar su consentimiento al uso de cookies a trav\u00e9s del Sitio Web en cualquier momento. Consulte la\u00a0<a href=\"https:\/\/web.fernandocaruncho.com\/es\/cookies\">Pol\u00edtica de Cookies<\/a>\u00a0para m\u00e1s informaci\u00f3n al respecto.<\/p>\n\n\n\n<p>Se entender\u00e1 que Vd. acepta el tratamiento de sus datos conforme a esta Pol\u00edtica de Privacidad cuando la hubiera aceptado.<\/p>\n\n\n\n<p>Caruncho Garden &amp; Architecture no ceder\u00e1 sus datos personales sin su previo y expreso consentimiento.<\/p>\n\n\n\n<p>Al aceptar esta Pol\u00edtica de Privacidad, salvo que se hubiera opuesto a ello en el momento de facilitar sus datos, consiente que Caruncho Garden &amp; Architecture le env\u00ede comunicaciones comerciales, incluso por correo electr\u00f3nico u otros medios equivalentes, propias acerca de servicios y novedades relacionadas con el Sitio Web y\/o con Caruncho Garden &amp; Architecture. Puede oponerse a recibir m\u00e1s comunicaciones de este tipo dirigiendo un correo electr\u00f3nico indic\u00e1ndolo a info@fernandocaruncho.com o seg\u00fan se indique en cada comunicaci\u00f3n que se le remita.<\/p>\n\n\n\n<p>En cualquier momento podr\u00e1 ejercer sus derechos de acceso, rectificaci\u00f3n, cancelaci\u00f3n y oposici\u00f3n, mediante correo ordinario dirigido a Fernando Caruncho &amp; Asociados, S.L., Paseo de Narcea 17, Urbanizaci\u00f3n Ciudalcampo, 28707 \u00ad San Sebasti\u00e1n de los Reyes (Madrid) o un correo electr\u00f3nico a info@fernandocaruncho.com. Deber\u00e1 acompa\u00f1ar una copia de su DNI o documento oficial an\u00e1logo que permita su identificaci\u00f3n a fin de evitar accesos indebidos a sus datos<\/p>\n<\/body>","protected":false},"excerpt":{"rendered":"<p>Los datos personales que los usuarios aporten como consecuencia del acceso y uso del Sitio Web y de la utilizaci\u00f3n de algunas de sus herramientas y funcionalidades ser\u00e1n incorporadas a un fichero titularidad de Fernando Caruncho &amp; Asociados, S.L. (en adelante, Caruncho Garden &amp; Architecture), debidamente inscrito ante el Registro General de Protecci\u00f3n de Datos, [&hellip;]<\/p>\n","protected":false},"author":1,"featured_media":0,"parent":0,"menu_order":0,"comment_status":"closed","ping_status":"closed","template":"","meta":[],"_links":{"self":[{"href":"https:\/\/web.fernandocaruncho.com\/es\/wp-json\/wp\/v2\/pages\/351"}],"collection":[{"href":"https:\/\/web.fernandocaruncho.com\/es\/wp-json\/wp\/v2\/pages"}],"about":[{"href":"https:\/\/web.fernandocaruncho.com\/es\/wp-json\/wp\/v2\/types\/page"}],"author":[{"embeddable":true,"href":"https:\/\/web.fernandocaruncho.com\/es\/wp-json\/wp\/v2\/users\/1"}],"replies":[{"embeddable":true,"href":"https:\/\/web.fernandocaruncho.com\/es\/wp-json\/wp\/v2\/comments?post=351"}],"version-history":[{"count":1,"href":"https:\/\/web.fernandocaruncho.com\/es\/wp-json\/wp\/v2\/pages\/351\/revisions"}],"predecessor-version":[{"id":352,"href":"https:\/\/web.fernandocaruncho.com\/es\/wp-json\/wp\/v2\/pages\/351\/revisions\/352"}],"wp:attachment":[{"href":"https:\/\/web.fernandocaruncho.com\/es\/wp-json\/wp\/v2\/media?parent=351"}],"curies":[{"name":"wp","href":"https:\/\/api.w.org\/{rel}","templated":true}]}}