{"id":353,"date":"2019-11-18T18:22:03","date_gmt":"2019-11-18T18:22:03","guid":{"rendered":"https:\/\/web.fernandocaruncho.com?page_id=353"},"modified":"2019-11-18T18:22:03","modified_gmt":"2019-11-18T18:22:03","slug":"politica-de-cookies","status":"publish","type":"page","link":"https:\/\/web.fernandocaruncho.com\/es\/politica-de-cookies\/","title":{"rendered":"Pol\u00edtica de Cookies"},"content":{"rendered":"<body><p>Siempre que nos lo permita, el acceso y la navegaci\u00f3n por el sitio web accesible a trav\u00e9s de la URL\u00a0<a href=\"https:\/\/web.fernandocaruncho.com\/\">https:\/\/web.fernandocaruncho.com<\/a>\u00a0(en adelante, el Sitio Web), que es titularidad de Fernando Caruncho &amp; Asociados, S.L. (en adelante, Caruncho Garden &amp; Architecture), conlleva la utilizaci\u00f3n y descarga de cookies propias y de terceros en el equipo terminal (smartphone, tablet, ordenador\u2026) con que acceda y navegue por el Sitio Web, a fin de habilitar algunas de sus funciones y analizar, de forma an\u00f3nima, el comportamiento preferencias de sus usuarios durante su navegaci\u00f3n. Le recomendamos encarecidamente que lea con atenci\u00f3n el presente documento a fin de informarse acerca del uso de esta tecnolog\u00eda en el Sitio Web.<\/p>\n\n\n\n<h3>1. \u00bfQu\u00e9 son las cookies?<\/h3>\n\n\n\n<p>Las cookies son archivos de texto que se descargan en el dispositivo que un usuario utiliza para navegar por Internet al acceder a determinadas p\u00e1ginas y\/o hacer uso de ciertos servicios en aquellas ofrecidos y que permiten almacenar informaci\u00f3n para, posteriormente, recuperarla y utilizada con diversos fines.<\/p>\n\n\n\n<h3>2. Consentimiento<\/h3>\n\n\n\n<p>Se entender\u00e1 que usted consiente que Caruncho Garden &amp; Architecture, a trav\u00e9s del Sitio Web, utilice este tipo de tecnolog\u00eda cuando, al acceder al Sitio Web, previa advertencia de tal circunstancia, usted contin\u00fae navegando por aqu\u00e9l. Tenga en cuenta que ciertas cookies son imprescindibles para el correcto funcionamiento del Sitio Web o de algunas de sus funciones y, si deniega o retira su consentimiento, el Sitio Web podr\u00eda no funcionar correctamente o, incluso, resultara inaccesible. En cualquier momento puede retirar dicho consentimiento desactivando o bloqueando la descarga de cookies mediante las opciones de configuraci\u00f3n del navegador que utilice. Consulte el apartado \u201cGesti\u00f3n y desactivaci\u00f3n de cookies\u201d siguiente para m\u00e1s informaci\u00f3n.<\/p>\n\n\n\n<h3>3. Cookies que se utilizan en el Sitio Web<\/h3>\n\n\n\n<p>Por su finalidad, Caruncho Garden &amp; Architecture utiliza en el Sitio Web estos tipos de cookies:<\/p>\n\n\n\n<p>a. Cookies de personalizaci\u00f3n: son aquellas que permiten que el Sitio Web se adapte a determinadas caracter\u00edsticas generales preestablecidas como puede ser el idioma, el navegador empleado o la regi\u00f3n desde donde se accede.<\/p>\n\n\n\n<p>b. Cookies t\u00e9cnicas: normalmente sirven para proporcionar fluidez y comodidad durante la navegaci\u00f3n por el Sitio Web y dotar de seguridad a la misma.<\/p>\n\n\n\n<p>c. Cookies de an\u00e1lisis: sirven para obtener informaci\u00f3n orientada al an\u00e1lisis estad\u00edstico de la utilizaci\u00f3n que los usuarios hacen del Sitio Web.<\/p>\n\n\n\n<p>d. Cookies de publicidad: permiten gestionar los espacios publicitarios existentes en el Sitio Web de manera que a cada usuario se le ofrezca contenido publicitario de conformidad con el contenido del Sitio Web y la frecuencia de los anuncios.<\/p>\n\n\n\n<p>e. Cookies de publicidad comportamental: permiten la gesti\u00f3n de los espacios publicitarios existentes en el Sitio Web de modo tal que a cada usuario se le ofrezca publicidad acorde a sus preferencias y h\u00e1bitos de navegaci\u00f3n.<\/p>\n\n\n\n<p>En concreto:<\/p>\n\n\n\n<figure class=\"wp-block-table\"><table class=\"\"><tbody><tr><td>Cookies propias<\/td><\/tr><tr><td>Finalidad<\/td><td>Origen<\/td><td>Persistencia<\/td><\/tr><tr><td>Recordar las preferencias del usuario en cuanto al idioma en que se muestra el Sitio Web (language)<\/td><td>web.fernandocaruncho.com<\/td><td>Persistente<\/td><\/tr><tr><td>Cookies de terceros<\/td><\/tr><tr><td>Finalidad<\/td><td>Origen<\/td><td>Persistencia<\/td><\/tr><tr><td>Permiten asignar al usuario un id \u00fanico que se utiliza para recabar informaci\u00f3n acerca de las preferencias del sitio web y otra informaci\u00f3n acerca del usuario, y analizarla. En ocasiones tambi\u00e9n se utiliza para mostrar anuncios adaptados a la informaci\u00f3n previamente obtenida (PREF, NID, OGPC, GAPS)<\/td><td>.google.comwww.go ogle.com accounts.google.com Para m\u00e1s informaci\u00f3n acerca del uso de cookies por parte de Google:\u00a0<a href=\"https:\/\/www.google.e%20s\/intl\/es\/policies\/techn%20ologies\/types\/\">https:\/\/www.google.e s\/intl\/es\/policies\/techn ologies\/types\/<\/a><\/td><td>Persistentes<\/td><\/tr><\/tbody><\/table><\/figure>\n\n\n\n<h3>4. Desactivaci\u00f3n y gesti\u00f3n de cookies<\/h3>\n\n\n\n<p>En cualquier momento puede retirar su consentimiento a que Caruncho Garden &amp; Architecture utilice cookies a trav\u00e9s del Sitio Web, bloqueando o desactivando la posibilidad de que se descarguen, a trav\u00e9s de las opciones de configuraci\u00f3n del navegador que emplee. A continuaci\u00f3n le ofrecemos una gu\u00eda con los pasos a seguir en los navegadores m\u00e1s utilizados:<\/p>\n\n\n\n<p>Apple Safari Con Safari abierto, pulsar Safari &gt; Preferencias\u2026 &gt; Privacidad y seleccionar \u00abBloquear siempre\u00bb, \u00abPermitir s\u00f3lo del sitio web actual\u00bb, \u00abPermitir de los sitios que visito\u00bb o \u00abPermitir siempre\u00bb Para m\u00e1s informaci\u00f3n,\u00a0<a href=\"http:\/\/support.apple.com\/kb\/PH17191\">http:\/\/support.apple.com\/kb\/PH17191<\/a><\/p>\n\n\n\n<p>Google Chrome: \u200bCon Google Chrome abierto, pulsar en el icono del men\u00fa de Chrome &lt; Configuraci\u00f3n &lt; Mostrar opciones avanzadas\u2026 &lt; Privacidad &lt; Configuraci\u00f3n de contenido\u2026 &lt; Cookies y configurar seg\u00fan preferencias Para m\u00e1s informaci\u00f3n,\u00a0<a href=\"https:\/\/support.google.com\/chrome\/answer\/95647?hl=es\">https:\/\/support.google.com\/chrome\/answer\/95647?hl=es<\/a><\/p>\n\n\n\n<p>Internet Explorer 11 Pulsar en el icono de Internet Explorer en la barra de tareas &lt; Herramientas &lt; Opciones de Internet &lt; Privacidad y personalizar la configuraci\u00f3n de cookies seg\u00fan preferencias Para m\u00e1s informaci\u00f3n,\u00a0<a href=\"http:\/\/windows.microsoft.com\/es%C2%ADes\/internet%C2%ADexplorer\/delete%C2%ADmanage%C2%ADcookies#ie=ie%C2%AD11\">http:\/\/windows.microsoft.com\/es\u00ades\/internet\u00adexplorer\/delete\u00admanage\u00adcookies#ie=ie\u00ad11<\/a><\/p>\n\n\n\n<p>Mozilla Firefox Con Firefox abierto, pulsar el bot\u00f3n Men\u00fa &lt; Preferencias &lt; Privacidad y personalizar la configuraci\u00f3n de cookies seg\u00fan preferencias Para m\u00e1s informaci\u00f3n,\u00a0<a href=\"http:\/\/support.mozilla.org\/es\/kb\/habilitar%C2%ADy%C2%ADdeshabilitar%C2%ADcookies%C2%ADque%C2%ADlos%C2%ADsitios%C2%AD\">http:\/\/support.mozilla.org\/es\/kb\/habilitar\u00ady\u00addeshabilitar\u00adcookies\u00adque\u00adlos\u00adsitios<\/a><\/p>\n\n\n\n<p>Opera Con Opera abierto, pulsar Configuraci\u00f3n &lt; Opciones &lt; Avanzado &lt; Cookies y personalizar la configuraci\u00f3n de cookies seg\u00fan preferencias Para m\u00e1s informaci\u00f3n,\u00a0<a href=\"http:\/\/help.opera.com\/Windows\/12.00\/es%C2%ADES\/cookies.html\">http:\/\/help.opera.com\/Windows\/12.00\/es\u00adES\/cookies.html<\/a><\/p>\n\n\n\n<p>Safari para iOS 8 Pulsar Ajustes &gt; Safari &gt; Bloquear cookies y selecciona \u00abPermitir siempre\u00bb, \u00abPermitir de los sitios que visito\u00bb, \u00abPermitir s\u00f3lo de los sitios web actuales\u00bb o \u00abBloquear siempre\u00bb Para m\u00e1s informaci\u00f3n,\u00a0<a href=\"http:\/\/support.apple.com\/es%C2%ADes\/HT1677\">http:\/\/support.apple.com\/es\u00ades\/HT1677<\/a><\/p>\n\n\n\n<p>Chrome para Android e iOS Con Google Chrome abierto, pulsar en el icono del men\u00fa de Chrome &lt; Configuraci\u00f3n &lt; Mostrar opciones avanzadas\u2026 &lt; Privacidad &lt; Configuraci\u00f3n de contenido\u2026 &lt; Cookies y configurar seg\u00fan preferencias Para m\u00e1s informaci\u00f3n,\u00a0<a href=\"https:\/\/support.google.com\/chrome\/answer\/95647?hl=es\">https:\/\/support.google.com\/chrome\/answer\/95647?hl=es<\/a><\/p>\n\n\n\n<p>Internet Explorer Mobile Con Internet Explorer Mobile abierto, pulsar M\u00e1s &lt; Configuraci\u00f3n y personalizar la configuraci\u00f3n de cookies seg\u00fan preferencias Para m\u00e1s informaci\u00f3n,\u00a0<a href=\"http:\/\/www.windowsphone.com\/es%C2%ADes\/how%C2%ADto\/wp7\/web\/changing%C2%ADprivacy%C2%ADand%C2%ADother%C2%ADbrowser%C2%ADsettings\">http:\/\/www.windowsphone.com\/es\u00ades\/how\u00adto\/wp7\/web\/changing\u00adprivacy\u00adand\u00adother\u00adbrowser\u00adsettings<\/a><\/p>\n\n\n\n<p>Si la anterior informaci\u00f3n o los enlaces estuvieran desactualizados, su navegador no estuviera incluido en dicha lista o no encuentra la forma de gestionar las cookies, por favor consulte con el sitio web oficial del fabricante o escr\u00edbanos a info@fernandocaruncho.com para tratar de ayudarle.<\/p>\n<\/body>","protected":false},"excerpt":{"rendered":"<p>Siempre que nos lo permita, el acceso y la navegaci\u00f3n por el sitio web accesible a trav\u00e9s de la URL\u00a0https:\/\/web.fernandocaruncho.com\u00a0(en adelante, el Sitio Web), que es titularidad de Fernando Caruncho &amp; Asociados, S.L. (en adelante, Caruncho Garden &amp; Architecture), conlleva la utilizaci\u00f3n y descarga de cookies propias y de terceros en el equipo terminal (smartphone, [&hellip;]<\/p>\n","protected":false},"author":1,"featured_media":0,"parent":0,"menu_order":0,"comment_status":"closed","ping_status":"closed","template":"","meta":[],"_links":{"self":[{"href":"https:\/\/web.fernandocaruncho.com\/es\/wp-json\/wp\/v2\/pages\/353"}],"collection":[{"href":"https:\/\/web.fernandocaruncho.com\/es\/wp-json\/wp\/v2\/pages"}],"about":[{"href":"https:\/\/web.fernandocaruncho.com\/es\/wp-json\/wp\/v2\/types\/page"}],"author":[{"embeddable":true,"href":"https:\/\/web.fernandocaruncho.com\/es\/wp-json\/wp\/v2\/users\/1"}],"replies":[{"embeddable":true,"href":"https:\/\/web.fernandocaruncho.com\/es\/wp-json\/wp\/v2\/comments?post=353"}],"version-history":[{"count":1,"href":"https:\/\/web.fernandocaruncho.com\/es\/wp-json\/wp\/v2\/pages\/353\/revisions"}],"predecessor-version":[{"id":354,"href":"https:\/\/web.fernandocaruncho.com\/es\/wp-json\/wp\/v2\/pages\/353\/revisions\/354"}],"wp:attachment":[{"href":"https:\/\/web.fernandocaruncho.com\/es\/wp-json\/wp\/v2\/media?parent=353"}],"curies":[{"name":"wp","href":"https:\/\/api.w.org\/{rel}","templated":true}]}}